{"id":1379,"date":"2024-12-10T09:54:05","date_gmt":"2024-12-10T09:54:05","guid":{"rendered":"https:\/\/ociss.net\/?page_id=1379"},"modified":"2025-01-21T16:29:19","modified_gmt":"2025-01-21T16:29:19","slug":"nos-services","status":"publish","type":"page","link":"https:\/\/ociss.ci\/en\/nos-services\/","title":{"rendered":"Our services"},"content":{"rendered":"<div data-elementor-type=\"wp-page\" data-elementor-id=\"1379\" class=\"elementor elementor-1379\" data-elementor-post-type=\"page\">\n\t\t\t\t\t\t<section class=\"elementor-section elementor-top-section elementor-element elementor-element-bd5b1b0 elementor-section-height-min-height elementor-section-boxed elementor-section-height-default elementor-section-items-middle\" data-id=\"bd5b1b0\" data-element_type=\"section\" data-settings=\"{&quot;background_background&quot;:&quot;classic&quot;}\">\n\t\t\t\t\t\t\t<div class=\"elementor-background-overlay\"><\/div>\n\t\t\t\t\t\t\t<div class=\"elementor-container elementor-column-gap-default\">\n\t\t\t\t\t<div class=\"elementor-column elementor-col-100 elementor-top-column elementor-element elementor-element-73d134f\" data-id=\"73d134f\" data-element_type=\"column\">\n\t\t\t<div class=\"elementor-widget-wrap elementor-element-populated\">\n\t\t\t\t\t\t<div class=\"elementor-element elementor-element-992acaa elementor-widget elementor-widget-heading\" data-id=\"992acaa\" data-element_type=\"widget\" data-widget_type=\"heading.default\">\n\t\t\t\t<div class=\"elementor-widget-container\">\n\t\t\t<h2 class=\"elementor-heading-title elementor-size-default\">Our services<\/h2>\t\t<\/div>\n\t\t\t\t<\/div>\n\t\t\t\t<div class=\"elementor-element elementor-element-8111fad elementor-icon-list--layout-inline elementor-align-center elementor-list-item-link-full_width elementor-widget elementor-widget-icon-list\" data-id=\"8111fad\" data-element_type=\"widget\" data-widget_type=\"icon-list.default\">\n\t\t\t\t<div class=\"elementor-widget-container\">\n\t\t\t\t\t<ul class=\"elementor-icon-list-items elementor-inline-items\">\n\t\t\t\t\t\t\t<li class=\"elementor-icon-list-item elementor-inline-item\">\n\t\t\t\t\t\t\t\t\t\t<span class=\"elementor-icon-list-text\">Home<\/span>\n\t\t\t\t\t\t\t\t\t<\/li>\n\t\t\t\t\t\t\t\t<li class=\"elementor-icon-list-item elementor-inline-item\">\n\t\t\t\t\t\t\t\t\t\t\t<a href=\"#!\">\n\n\t\t\t\t\t\t\t\t\t\t\t\t<span class=\"elementor-icon-list-icon\">\n\t\t\t\t\t\t\t<svg aria-hidden=\"true\" class=\"e-font-icon-svg e-fas-circle\" viewbox=\"0 0 512 512\" xmlns=\"http:\/\/www.w3.org\/2000\/svg\"><path d=\"M256 8C119 8 8 119 8 256s111 248 248 248 248-111 248-248S393 8 256 8z\"><\/path><\/svg>\t\t\t\t\t\t<\/span>\n\t\t\t\t\t\t\t\t\t\t<span class=\"elementor-icon-list-text\">Our services<\/span>\n\t\t\t\t\t\t\t\t\t\t\t<\/a>\n\t\t\t\t\t\t\t\t\t<\/li>\n\t\t\t\t\t\t<\/ul>\n\t\t\t\t<\/div>\n\t\t\t\t<\/div>\n\t\t\t\t\t<\/div>\n\t\t<\/div>\n\t\t\t\t\t<\/div>\n\t\t<\/section>\n\t\t\t\t<section class=\"elementor-section elementor-top-section elementor-element elementor-element-7716356c elementor-section-boxed elementor-section-height-default elementor-section-height-default\" data-id=\"7716356c\" data-element_type=\"section\" data-settings=\"{&quot;background_background&quot;:&quot;classic&quot;}\">\n\t\t\t\t\t\t<div class=\"elementor-container elementor-column-gap-no\">\n\t\t\t\t\t<div class=\"elementor-column elementor-col-100 elementor-top-column elementor-element elementor-element-4251a7ec\" data-id=\"4251a7ec\" data-element_type=\"column\">\n\t\t\t<div class=\"elementor-widget-wrap elementor-element-populated\">\n\t\t\t\t\t\t<section class=\"elementor-section elementor-inner-section elementor-element elementor-element-b096c60 elementor-section-boxed elementor-section-height-default elementor-section-height-default\" data-id=\"b096c60\" data-element_type=\"section\">\n\t\t\t\t\t\t<div class=\"elementor-container elementor-column-gap-default\">\n\t\t\t\t\t<div class=\"elementor-column elementor-col-50 elementor-inner-column elementor-element elementor-element-6bce8299\" data-id=\"6bce8299\" data-element_type=\"column\">\n\t\t\t<div class=\"elementor-widget-wrap elementor-element-populated\">\n\t\t\t\t\t\t<div class=\"elementor-element elementor-element-52fa06fa animated-slow ekit-equal-height-disable elementor-invisible elementor-widget elementor-widget-elementskit-image-box\" data-id=\"52fa06fa\" data-element_type=\"widget\" data-settings=\"{&quot;_animation&quot;:&quot;fadeInUp&quot;}\" data-widget_type=\"elementskit-image-box.default\">\n\t\t\t\t<div class=\"elementor-widget-container\">\n\t\t\t<div class=\"ekit-wid-con\" >\n            <div class=\"elementskit-info-image-box ekit-image-box text-left simple-card\" >\n\n                \n                <div class=\"elementskit-box-header image-box-img-left\">\n\n                    <img fetchpriority=\"high\" decoding=\"async\" width=\"2560\" height=\"1437\" src=\"https:\/\/ociss.ci\/wp-content\/uploads\/2024\/12\/portrait-engineers-work-hours-job-site-scaled.jpg\" class=\"attachment-full size-full wp-image-1539\" alt=\"\" srcset=\"https:\/\/ociss.ci\/wp-content\/uploads\/2024\/12\/portrait-engineers-work-hours-job-site-scaled.jpg 2560w, https:\/\/ociss.ci\/wp-content\/uploads\/2024\/12\/portrait-engineers-work-hours-job-site-300x168.jpg 300w, https:\/\/ociss.ci\/wp-content\/uploads\/2024\/12\/portrait-engineers-work-hours-job-site-1024x575.jpg 1024w, https:\/\/ociss.ci\/wp-content\/uploads\/2024\/12\/portrait-engineers-work-hours-job-site-768x431.jpg 768w, https:\/\/ociss.ci\/wp-content\/uploads\/2024\/12\/portrait-engineers-work-hours-job-site-1536x862.jpg 1536w, https:\/\/ociss.ci\/wp-content\/uploads\/2024\/12\/portrait-engineers-work-hours-job-site-2048x1150.jpg 2048w, https:\/\/ociss.ci\/wp-content\/uploads\/2024\/12\/portrait-engineers-work-hours-job-site-600x337.jpg 600w\" sizes=\"(max-width: 2560px) 100vw, 2560px\" \/>\n                <\/div>\n                \n                <div class=\"elementskit-box-body ekit-image-box-body\">\n                    <div class=\"elementskit-box-content ekit-image-box-body-inner\">\n                                                <h3 class=\"elementskit-info-box-title\">\n\n                        Onshore and Offshore Assistance \n                        \n                    <\/h3>\n                                                            <div class=\"elementskit-box-style-content\">\n                        Oil C\u00f4te d'Ivoire Support Services (OCISS) is your trusted partner for comprehensive onshore and offshore solutions, designed to meet the rigorous demands of the oil and gas industry. With a team of qualified experts, we support you every step of the way, from planning to execution in complex environments.\n\nThanks to state-of-the-art technologies and an unwavering commitment to safety and efficiency, OCISS guarantees tailor-made solutions aligned with your objectives. Rely on our professionalism and precision to bring your projects to a successful conclusion, with complete transparency and concrete results.                    <\/div>\n                                    <\/div>\n\n                            <\/div>\n            <\/div>\n    <\/div>\t\t<\/div>\n\t\t\t\t<\/div>\n\t\t\t\t\t<\/div>\n\t\t<\/div>\n\t\t\t\t<div class=\"elementor-column elementor-col-50 elementor-inner-column elementor-element elementor-element-210c3f9a\" data-id=\"210c3f9a\" data-element_type=\"column\">\n\t\t\t<div class=\"elementor-widget-wrap elementor-element-populated\">\n\t\t\t\t\t\t<div class=\"elementor-element elementor-element-5d1ac853 animated-slow ekit-equal-height-enable elementor-invisible elementor-widget elementor-widget-elementskit-image-box\" data-id=\"5d1ac853\" data-element_type=\"widget\" data-settings=\"{&quot;_animation&quot;:&quot;fadeInUp&quot;,&quot;_animation_delay&quot;:&quot;200&quot;}\" data-widget_type=\"elementskit-image-box.default\">\n\t\t\t\t<div class=\"elementor-widget-container\">\n\t\t\t<div class=\"ekit-wid-con\" >\n            <div class=\"elementskit-info-image-box ekit-image-box text-left simple-card\" >\n\n                \n                <div class=\"elementskit-box-header image-box-img-left\">\n\n                    <img decoding=\"async\" width=\"900\" height=\"500\" src=\"https:\/\/ociss.ci\/wp-content\/uploads\/2024\/12\/navire-transfert-equipage.jpg\" class=\"attachment-full size-full wp-image-1541\" alt=\"\" srcset=\"https:\/\/ociss.ci\/wp-content\/uploads\/2024\/12\/navire-transfert-equipage.jpg 900w, https:\/\/ociss.ci\/wp-content\/uploads\/2024\/12\/navire-transfert-equipage-300x167.jpg 300w, https:\/\/ociss.ci\/wp-content\/uploads\/2024\/12\/navire-transfert-equipage-768x427.jpg 768w, https:\/\/ociss.ci\/wp-content\/uploads\/2024\/12\/navire-transfert-equipage-600x333.jpg 600w\" sizes=\"(max-width: 900px) 100vw, 900px\" \/>\n                <\/div>\n                \n                <div class=\"elementskit-box-body ekit-image-box-body\">\n                    <div class=\"elementskit-box-content ekit-image-box-body-inner\">\n                                                <h3 class=\"elementskit-info-box-title\">\n\n                        Crew transfer vessels &amp; Crew change operations\n                        \n                    <\/h3>\n                                                            <div class=\"elementskit-box-style-content\">\n                        Our fleet of crew transfer vessels ensures the safe and efficient movement of personnel between onshore and offshore platforms. With an emphasis on reliability, these vessels are built to the highest standards, guaranteeing the safe journey of every crew member.                    <\/div>\n                                    <\/div>\n\n                            <\/div>\n            <\/div>\n    <\/div>\t\t<\/div>\n\t\t\t\t<\/div>\n\t\t\t\t\t<\/div>\n\t\t<\/div>\n\t\t\t\t\t<\/div>\n\t\t<\/section>\n\t\t\t\t<section class=\"elementor-section elementor-inner-section elementor-element elementor-element-5a5a141 elementor-section-boxed elementor-section-height-default elementor-section-height-default\" data-id=\"5a5a141\" data-element_type=\"section\">\n\t\t\t\t\t\t<div class=\"elementor-container elementor-column-gap-default\">\n\t\t\t\t\t<div class=\"elementor-column elementor-col-50 elementor-inner-column elementor-element elementor-element-b4a5a26\" data-id=\"b4a5a26\" data-element_type=\"column\">\n\t\t\t<div class=\"elementor-widget-wrap elementor-element-populated\">\n\t\t\t\t\t\t<div class=\"elementor-element elementor-element-50cc0d7 animated-slow ekit-equal-height-disable elementor-invisible elementor-widget elementor-widget-elementskit-image-box\" data-id=\"50cc0d7\" data-element_type=\"widget\" data-settings=\"{&quot;_animation&quot;:&quot;fadeInUp&quot;}\" data-widget_type=\"elementskit-image-box.default\">\n\t\t\t\t<div class=\"elementor-widget-container\">\n\t\t\t<div class=\"ekit-wid-con\" >\n            <div class=\"elementskit-info-image-box ekit-image-box text-left simple-card\" >\n\n                \n                <div class=\"elementskit-box-header image-box-img-left\">\n\n                    <img decoding=\"async\" width=\"1400\" height=\"720\" src=\"https:\/\/ociss.ci\/wp-content\/uploads\/2024\/12\/31521-18460644.webp\" class=\"attachment-full size-full wp-image-1542\" alt=\"\" srcset=\"https:\/\/ociss.ci\/wp-content\/uploads\/2024\/12\/31521-18460644.webp 1400w, https:\/\/ociss.ci\/wp-content\/uploads\/2024\/12\/31521-18460644-300x154.webp 300w, https:\/\/ociss.ci\/wp-content\/uploads\/2024\/12\/31521-18460644-1024x527.webp 1024w, https:\/\/ociss.ci\/wp-content\/uploads\/2024\/12\/31521-18460644-768x395.webp 768w, https:\/\/ociss.ci\/wp-content\/uploads\/2024\/12\/31521-18460644-600x309.webp 600w\" sizes=\"(max-width: 1400px) 100vw, 1400px\" \/>\n                <\/div>\n                \n                <div class=\"elementskit-box-body ekit-image-box-body\">\n                    <div class=\"elementskit-box-content ekit-image-box-body-inner\">\n                                                <h3 class=\"elementskit-info-box-title\">\n\n                        Platform supply vessels\n                        \n                    <\/h3>\n                                                            <div class=\"elementskit-box-style-content\">\n                        Platform supply vessels play a crucial role in offshore operations, delivering essential supplies directly to offshore platforms. At OCISS, our fleet of PSVs is equipped to handle this critical logistics, ensuring that operations run smoothly and platforms continue to be supported with the resources they need.                    <\/div>\n                                    <\/div>\n\n                            <\/div>\n            <\/div>\n    <\/div>\t\t<\/div>\n\t\t\t\t<\/div>\n\t\t\t\t\t<\/div>\n\t\t<\/div>\n\t\t\t\t<div class=\"elementor-column elementor-col-50 elementor-inner-column elementor-element elementor-element-6774ed0\" data-id=\"6774ed0\" data-element_type=\"column\">\n\t\t\t<div class=\"elementor-widget-wrap elementor-element-populated\">\n\t\t\t\t\t\t<div class=\"elementor-element elementor-element-f334f58 animated-slow ekit-equal-height-enable elementor-invisible elementor-widget elementor-widget-elementskit-image-box\" data-id=\"f334f58\" data-element_type=\"widget\" data-settings=\"{&quot;_animation&quot;:&quot;fadeInUp&quot;,&quot;_animation_delay&quot;:&quot;200&quot;}\" data-widget_type=\"elementskit-image-box.default\">\n\t\t\t\t<div class=\"elementor-widget-container\">\n\t\t\t<div class=\"ekit-wid-con\" >\n            <div class=\"elementskit-info-image-box ekit-image-box text-left simple-card\" >\n\n                \n                <div class=\"elementskit-box-header image-box-img-left\">\n\n                    <img loading=\"lazy\" decoding=\"async\" width=\"1280\" height=\"640\" src=\"https:\/\/ociss.ci\/wp-content\/uploads\/2024\/12\/jan-de-nul-1280x640-1.jpg\" class=\"attachment-full size-full wp-image-1543\" alt=\"\" srcset=\"https:\/\/ociss.ci\/wp-content\/uploads\/2024\/12\/jan-de-nul-1280x640-1.jpg 1280w, https:\/\/ociss.ci\/wp-content\/uploads\/2024\/12\/jan-de-nul-1280x640-1-300x150.jpg 300w, https:\/\/ociss.ci\/wp-content\/uploads\/2024\/12\/jan-de-nul-1280x640-1-1024x512.jpg 1024w, https:\/\/ociss.ci\/wp-content\/uploads\/2024\/12\/jan-de-nul-1280x640-1-768x384.jpg 768w, https:\/\/ociss.ci\/wp-content\/uploads\/2024\/12\/jan-de-nul-1280x640-1-600x300.jpg 600w\" sizes=\"(max-width: 1280px) 100vw, 1280px\" \/>\n                <\/div>\n                \n                <div class=\"elementskit-box-body ekit-image-box-body\">\n                    <div class=\"elementskit-box-content ekit-image-box-body-inner\">\n                                                <h3 class=\"elementskit-info-box-title\">\n\n                        Installation vessels\n                        \n                    <\/h3>\n                                                            <div class=\"elementskit-box-style-content\">\n                        We support the most complex offshore projects with specialised installation vessels. These vessels enable us to meet the demanding requirements of oil and gas installations, demonstrating our capability and commitment to industry-leading support.                    <\/div>\n                                    <\/div>\n\n                            <\/div>\n            <\/div>\n    <\/div>\t\t<\/div>\n\t\t\t\t<\/div>\n\t\t\t\t\t<\/div>\n\t\t<\/div>\n\t\t\t\t\t<\/div>\n\t\t<\/section>\n\t\t\t\t<section class=\"elementor-section elementor-inner-section elementor-element elementor-element-0c86170 elementor-section-boxed elementor-section-height-default elementor-section-height-default\" data-id=\"0c86170\" data-element_type=\"section\">\n\t\t\t\t\t\t<div class=\"elementor-container elementor-column-gap-default\">\n\t\t\t\t\t<div class=\"elementor-column elementor-col-50 elementor-inner-column elementor-element elementor-element-ac0330d\" data-id=\"ac0330d\" data-element_type=\"column\">\n\t\t\t<div class=\"elementor-widget-wrap elementor-element-populated\">\n\t\t\t\t\t\t<div class=\"elementor-element elementor-element-1f83b13 animated-slow ekit-equal-height-enable elementor-invisible elementor-widget elementor-widget-elementskit-image-box\" data-id=\"1f83b13\" data-element_type=\"widget\" data-settings=\"{&quot;_animation&quot;:&quot;fadeInUp&quot;,&quot;_animation_delay&quot;:&quot;200&quot;}\" data-widget_type=\"elementskit-image-box.default\">\n\t\t\t\t<div class=\"elementor-widget-container\">\n\t\t\t<div class=\"ekit-wid-con\" >\n            <div class=\"elementskit-info-image-box ekit-image-box text-left simple-card\" >\n\n                \n                <div class=\"elementskit-box-header image-box-img-left\">\n\n                    <img loading=\"lazy\" decoding=\"async\" width=\"2560\" height=\"1707\" src=\"https:\/\/ociss.ci\/wp-content\/uploads\/2024\/12\/inventory-storage-room-scaled.jpg\" class=\"attachment-full size-full wp-image-1545\" alt=\"\" srcset=\"https:\/\/ociss.ci\/wp-content\/uploads\/2024\/12\/inventory-storage-room-scaled.jpg 2560w, https:\/\/ociss.ci\/wp-content\/uploads\/2024\/12\/inventory-storage-room-300x200.jpg 300w, https:\/\/ociss.ci\/wp-content\/uploads\/2024\/12\/inventory-storage-room-1024x683.jpg 1024w, https:\/\/ociss.ci\/wp-content\/uploads\/2024\/12\/inventory-storage-room-768x512.jpg 768w, https:\/\/ociss.ci\/wp-content\/uploads\/2024\/12\/inventory-storage-room-1536x1024.jpg 1536w, https:\/\/ociss.ci\/wp-content\/uploads\/2024\/12\/inventory-storage-room-2048x1365.jpg 2048w, https:\/\/ociss.ci\/wp-content\/uploads\/2024\/12\/inventory-storage-room-600x400.jpg 600w\" sizes=\"(max-width: 2560px) 100vw, 2560px\" \/>\n                <\/div>\n                \n                <div class=\"elementskit-box-body ekit-image-box-body\">\n                    <div class=\"elementskit-box-content ekit-image-box-body-inner\">\n                                                <h3 class=\"elementskit-info-box-title\">\n\n                        Logistics and procurement\n                        \n                    <\/h3>\n                                                            <div class=\"elementskit-box-style-content\">\n                        OCISS also provides robust logistical support, transporting vital equipment and materials to offshore sites and ensuring continuous, reliable supply to platforms and rigs.                    <\/div>\n                                    <\/div>\n\n                            <\/div>\n            <\/div>\n    <\/div>\t\t<\/div>\n\t\t\t\t<\/div>\n\t\t\t\t\t<\/div>\n\t\t<\/div>\n\t\t\t\t<div class=\"elementor-column elementor-col-50 elementor-inner-column elementor-element elementor-element-375108a\" data-id=\"375108a\" data-element_type=\"column\">\n\t\t\t<div class=\"elementor-widget-wrap elementor-element-populated\">\n\t\t\t\t\t\t<div class=\"elementor-element elementor-element-444188a animated-slow ekit-equal-height-disable elementor-invisible elementor-widget elementor-widget-elementskit-image-box\" data-id=\"444188a\" data-element_type=\"widget\" data-settings=\"{&quot;_animation&quot;:&quot;fadeInUp&quot;}\" data-widget_type=\"elementskit-image-box.default\">\n\t\t\t\t<div class=\"elementor-widget-container\">\n\t\t\t<div class=\"ekit-wid-con\" >\n            <div class=\"elementskit-info-image-box ekit-image-box text-left simple-card\" >\n\n                \n                <div class=\"elementskit-box-header image-box-img-left\">\n\n                    <img loading=\"lazy\" decoding=\"async\" width=\"994\" height=\"559\" src=\"https:\/\/ociss.ci\/wp-content\/uploads\/2024\/12\/Corporate-PRESENTATION-O3S-OCISS-2024-1.pdf-image-156.jpg\" class=\"attachment-full size-full wp-image-1546\" alt=\"\" srcset=\"https:\/\/ociss.ci\/wp-content\/uploads\/2024\/12\/Corporate-PRESENTATION-O3S-OCISS-2024-1.pdf-image-156.jpg 994w, https:\/\/ociss.ci\/wp-content\/uploads\/2024\/12\/Corporate-PRESENTATION-O3S-OCISS-2024-1.pdf-image-156-300x169.jpg 300w, https:\/\/ociss.ci\/wp-content\/uploads\/2024\/12\/Corporate-PRESENTATION-O3S-OCISS-2024-1.pdf-image-156-768x432.jpg 768w, https:\/\/ociss.ci\/wp-content\/uploads\/2024\/12\/Corporate-PRESENTATION-O3S-OCISS-2024-1.pdf-image-156-600x337.jpg 600w\" sizes=\"(max-width: 994px) 100vw, 994px\" \/>\n                <\/div>\n                \n                <div class=\"elementskit-box-body ekit-image-box-body\">\n                    <div class=\"elementskit-box-content ekit-image-box-body-inner\">\n                                                <h3 class=\"elementskit-info-box-title\">\n\n                        Crew change operations\n                        \n                    <\/h3>\n                                                            <div class=\"elementskit-box-style-content\">\n                        With a focus on safe and efficient crew changes, our vessels and experienced staff are dedicated to managing crew transfers seamlessly. Every detail is designed to ensure that our crew moves safely, on time and to the highest industry standards.                    <\/div>\n                                    <\/div>\n\n                            <\/div>\n            <\/div>\n    <\/div>\t\t<\/div>\n\t\t\t\t<\/div>\n\t\t\t\t\t<\/div>\n\t\t<\/div>\n\t\t\t\t\t<\/div>\n\t\t<\/section>\n\t\t\t\t\t<\/div>\n\t\t<\/div>\n\t\t\t\t\t<\/div>\n\t\t<\/section>\n\t\t\t\t<section class=\"elementor-section elementor-top-section elementor-element elementor-element-50a84bc elementor-section-boxed elementor-section-height-default elementor-section-height-default\" data-id=\"50a84bc\" data-element_type=\"section\">\n\t\t\t\t\t\t<div class=\"elementor-container elementor-column-gap-default\">\n\t\t\t\t\t<div class=\"elementor-column elementor-col-100 elementor-top-column elementor-element elementor-element-e984b7e\" data-id=\"e984b7e\" data-element_type=\"column\">\n\t\t\t<div class=\"elementor-widget-wrap elementor-element-populated\">\n\t\t\t\t\t\t<div class=\"elementor-element elementor-element-0971eb6 elementor-widget elementor-widget-spacer\" data-id=\"0971eb6\" data-element_type=\"widget\" data-widget_type=\"spacer.default\">\n\t\t\t\t<div class=\"elementor-widget-container\">\n\t\t\t\t\t<div class=\"elementor-spacer\">\n\t\t\t<div class=\"elementor-spacer-inner\"><\/div>\n\t\t<\/div>\n\t\t\t\t<\/div>\n\t\t\t\t<\/div>\n\t\t\t\t\t<\/div>\n\t\t<\/div>\n\t\t\t\t\t<\/div>\n\t\t<\/section>\n\t\t\t\t<\/div>","protected":false},"excerpt":{"rendered":"<p>Nos services Accueil Nos services Assistance Onshore et Offshore Oil C\u00f4te d&rsquo;Ivoire Support Services (OCISS) est votre partenaire de confiance pour des solutions compl\u00e8tes onshore et offshore, con\u00e7ues pour r\u00e9pondre aux exigences rigoureuses de l&rsquo;industrie p\u00e9troli\u00e8re et gazi\u00e8re. Avec une \u00e9quipe d&rsquo;experts qualifi\u00e9s, nous vous accompagnons \u00e0 chaque \u00e9tape, de la planification \u00e0 l&rsquo;ex\u00e9cution dans [&hellip;]<\/p>","protected":false},"author":1,"featured_media":0,"parent":0,"menu_order":0,"comment_status":"closed","ping_status":"closed","template":"elementor_header_footer","meta":{"_monsterinsights_skip_tracking":false,"_monsterinsights_sitenote_active":false,"_monsterinsights_sitenote_note":"","_monsterinsights_sitenote_category":0,"footnotes":""},"class_list":["post-1379","page","type-page","status-publish","hentry"],"aioseo_notices":[],"_links":{"self":[{"href":"https:\/\/ociss.ci\/en\/wp-json\/wp\/v2\/pages\/1379"}],"collection":[{"href":"https:\/\/ociss.ci\/en\/wp-json\/wp\/v2\/pages"}],"about":[{"href":"https:\/\/ociss.ci\/en\/wp-json\/wp\/v2\/types\/page"}],"author":[{"embeddable":true,"href":"https:\/\/ociss.ci\/en\/wp-json\/wp\/v2\/users\/1"}],"replies":[{"embeddable":true,"href":"https:\/\/ociss.ci\/en\/wp-json\/wp\/v2\/comments?post=1379"}],"version-history":[{"count":25,"href":"https:\/\/ociss.ci\/en\/wp-json\/wp\/v2\/pages\/1379\/revisions"}],"predecessor-version":[{"id":1936,"href":"https:\/\/ociss.ci\/en\/wp-json\/wp\/v2\/pages\/1379\/revisions\/1936"}],"wp:attachment":[{"href":"https:\/\/ociss.ci\/en\/wp-json\/wp\/v2\/media?parent=1379"}],"curies":[{"name":"wp","href":"https:\/\/api.w.org\/{rel}","templated":true}]}}