{"id":1697,"date":"2024-12-12T13:15:15","date_gmt":"2024-12-12T13:15:15","guid":{"rendered":"https:\/\/ociss.net\/?page_id=1697"},"modified":"2025-01-31T11:28:29","modified_gmt":"2025-01-31T11:28:29","slug":"notre-team","status":"publish","type":"page","link":"https:\/\/ociss.ci\/en\/notre-team\/","title":{"rendered":"Our team"},"content":{"rendered":"<div data-elementor-type=\"wp-page\" data-elementor-id=\"1697\" class=\"elementor elementor-1697\" data-elementor-post-type=\"page\">\n\t\t\t\t\t\t<section class=\"elementor-section elementor-top-section elementor-element elementor-element-b36c27f elementor-section-height-min-height elementor-section-boxed elementor-section-height-default elementor-section-items-middle\" data-id=\"b36c27f\" data-element_type=\"section\" data-settings=\"{&quot;background_background&quot;:&quot;classic&quot;}\">\n\t\t\t\t\t\t\t<div class=\"elementor-background-overlay\"><\/div>\n\t\t\t\t\t\t\t<div class=\"elementor-container elementor-column-gap-default\">\n\t\t\t\t\t<div class=\"elementor-column elementor-col-100 elementor-top-column elementor-element elementor-element-6e52aff\" data-id=\"6e52aff\" data-element_type=\"column\">\n\t\t\t<div class=\"elementor-widget-wrap elementor-element-populated\">\n\t\t\t\t\t\t<div class=\"elementor-element elementor-element-1d34658 elementor-widget elementor-widget-heading\" data-id=\"1d34658\" data-element_type=\"widget\" data-widget_type=\"heading.default\">\n\t\t\t\t<div class=\"elementor-widget-container\">\n\t\t\t<h2 class=\"elementor-heading-title elementor-size-default\">Our team<\/h2>\t\t<\/div>\n\t\t\t\t<\/div>\n\t\t\t\t<div class=\"elementor-element elementor-element-198bfad elementor-icon-list--layout-inline elementor-align-center elementor-list-item-link-full_width elementor-widget elementor-widget-icon-list\" data-id=\"198bfad\" data-element_type=\"widget\" data-widget_type=\"icon-list.default\">\n\t\t\t\t<div class=\"elementor-widget-container\">\n\t\t\t\t\t<ul class=\"elementor-icon-list-items elementor-inline-items\">\n\t\t\t\t\t\t\t<li class=\"elementor-icon-list-item elementor-inline-item\">\n\t\t\t\t\t\t\t\t\t\t<span class=\"elementor-icon-list-text\">Home<\/span>\n\t\t\t\t\t\t\t\t\t<\/li>\n\t\t\t\t\t\t\t\t<li class=\"elementor-icon-list-item elementor-inline-item\">\n\t\t\t\t\t\t\t\t\t\t\t<a href=\"#!\">\n\n\t\t\t\t\t\t\t\t\t\t\t\t<span class=\"elementor-icon-list-icon\">\n\t\t\t\t\t\t\t<svg aria-hidden=\"true\" class=\"e-font-icon-svg e-fas-circle\" viewbox=\"0 0 512 512\" xmlns=\"http:\/\/www.w3.org\/2000\/svg\"><path d=\"M256 8C119 8 8 119 8 256s111 248 248 248 248-111 248-248S393 8 256 8z\"><\/path><\/svg>\t\t\t\t\t\t<\/span>\n\t\t\t\t\t\t\t\t\t\t<span class=\"elementor-icon-list-text\">Our team<\/span>\n\t\t\t\t\t\t\t\t\t\t\t<\/a>\n\t\t\t\t\t\t\t\t\t<\/li>\n\t\t\t\t\t\t<\/ul>\n\t\t\t\t<\/div>\n\t\t\t\t<\/div>\n\t\t\t\t\t<\/div>\n\t\t<\/div>\n\t\t\t\t\t<\/div>\n\t\t<\/section>\n\t\t\t\t<section class=\"elementor-section elementor-top-section elementor-element elementor-element-c416834 elementor-section-boxed elementor-section-height-default elementor-section-height-default\" data-id=\"c416834\" data-element_type=\"section\" id=\"xs_team_3\">\n\t\t\t\t\t\t<div class=\"elementor-container elementor-column-gap-default\">\n\t\t\t\t\t<div class=\"elementor-column elementor-col-100 elementor-top-column elementor-element elementor-element-615c4c3b\" data-id=\"615c4c3b\" data-element_type=\"column\">\n\t\t\t<div class=\"elementor-widget-wrap elementor-element-populated\">\n\t\t\t\t\t\t<section class=\"elementor-section elementor-inner-section elementor-element elementor-element-bfc3bb6 elementor-section-boxed elementor-section-height-default elementor-section-height-default\" data-id=\"bfc3bb6\" data-element_type=\"section\">\n\t\t\t\t\t\t<div class=\"elementor-container elementor-column-gap-default\">\n\t\t\t\t\t<div class=\"elementor-column elementor-col-25 elementor-inner-column elementor-element elementor-element-03c21c8\" data-id=\"03c21c8\" data-element_type=\"column\">\n\t\t\t<div class=\"elementor-widget-wrap elementor-element-populated\">\n\t\t\t\t\t\t<div class=\"elementor-element elementor-element-a6962ef elementor-widget elementor-widget-elementskit-team\" data-id=\"a6962ef\" data-element_type=\"widget\" data-widget_type=\"elementskit-team.default\">\n\t\t\t\t<div class=\"elementor-widget-container\">\n\t\t\t<div class=\"ekit-wid-con\">\t\t <div class=\"profile-square-v\"> \t\t\t\t\t\t\n\t\t<div class=\"profile-card elementor-animation- text-center ekit-team-style-centered_style\">\n\t\t\t\t\t\t\t<a aria-label=\"profile\" href=\"javascript:void(0)\" data-mfp-src=\"#ekit_team_modal_a6962ef_1697\" class=\"ekit-team-popup\">\n\t\t\t\t\t\t\n\t\t\t\t<div class=\"profile-header ekit-team-img\"  data-toggle=\"modal\" data-target=\"ekit_team_modal_#a6962ef_1697\" >\n\t\t\t\t\t<img fetchpriority=\"high\" decoding=\"async\" width=\"233\" height=\"298\" src=\"https:\/\/ociss.ci\/wp-content\/uploads\/2024\/12\/Corporate-PRESENTATION-O3S-OCISS-2024-1.pdf-image-066.jpg\" class=\"attachment-large size-large wp-image-1652\" alt=\"\" \/>\t\t\t\t<\/div><!-- .profile-header END -->\n\t\t\t\t\t\t\t<\/a>\n\t\t\t\t\t\t\n\n\t\t\t\t<div class=\"profile-body\">\n\t\t\t\t\t\n\t\t\t\t\t<h2 class=\"profile-title\">\n\t\t\t\t\t\t\t\t\t\t\t<a aria-label=\"profile\" href=\"javascript:void(0)\" data-mfp-src=\"#ekit_team_modal_a6962ef_1697\" class=\"ekit-team-popup\">\n\t\t\t\t\t\tLionel CREN\t\t\t\t\t\t<\/a>\n\t\t\t\t\t\t\t\t\t\t\t<\/h2>\n\t\t\t\t\t<p class=\"profile-designation\">Chief Executive Officer<\/p>\n\t\t\t\t\t\t\t\t\t<\/div><!-- .profile-body END -->\n\n\t\t\t\t\t\t\t\t<\/div>\n\t\t\t\t <\/div> \t\t\t\n\t\t\t\n\t\t\t\t\t<div class=\"zoom-anim-dialog mfp-hide elementskit-team-popup team-popup-id-a6962ef\" id=\"ekit_team_modal_a6962ef_1697\" tabindex=\"-1\" role=\"dialog\" aria-hidden=\"true\">\n\t\t\t\t<div class=\"modal-dialog modal-dialog-centered\" role=\"document\">\n\t\t\t\t\t<div class=\"modal-content\">\n\t\t\t\t\t\t<button type=\"button\" class=\"ekit-team-modal-close\">\n\t\t\t\t\t\t\t<svg aria-hidden=\"true\" class=\"e-font-icon-svg e-fas-times\" viewbox=\"0 0 352 512\" xmlns=\"http:\/\/www.w3.org\/2000\/svg\"><path d=\"M242.72 256l100.07-100.07c12.28-12.28 12.28-32.19 0-44.48l-22.24-22.24c-12.28-12.28-32.19-12.28-44.48 0L176 189.28 75.93 89.21c-12.28-12.28-32.19-12.28-44.48 0L9.21 111.45c-12.28 12.28-12.28 32.19 0 44.48L109.28 256 9.21 356.07c-12.28 12.28-12.28 32.19 0 44.48l22.24 22.24c12.28 12.28 32.2 12.28 44.48 0L176 322.72l100.07 100.07c12.28 12.28 32.2 12.28 44.48 0l22.24-22.24c12.28-12.28 12.28-32.19 0-44.48L242.72 256z\"><\/path><\/svg>\t\t\t\t\t\t<\/button>\n\n\t\t\t\t\t\t<div class=\"modal-body\">\n\t\t\t\t\t\t\t\t\t\t\t\t\t\t\t<div class=\"ekit-team-modal-img\">\n\t\t\t\t\t\t\t\t\t<img fetchpriority=\"high\" decoding=\"async\" width=\"233\" height=\"298\" src=\"https:\/\/ociss.ci\/wp-content\/uploads\/2024\/12\/Corporate-PRESENTATION-O3S-OCISS-2024-1.pdf-image-066.jpg\" class=\"attachment-large size-large wp-image-1652\" alt=\"\" \/>\t\t\t\t\t\t\t\t<\/div>\n\t\t\t\t\t\t\t\n\t\t\t\t\t\t\t<div class=\"ekit-team-modal-info has-img\">\n\t\t\t\t\t\t\t\t<h2 class=\"ekit-team-modal-title\">Lionel CREN<\/h2>\n\t\t\t\t\t\t\t\t<p class=\"ekit-team-modal-position\">Chief Executive Officer<\/p>\n\t\t\t\t\t\t\t\t\n\t\t\t\t\t\t\t\t<div class=\"ekit-team-modal-content\">\n\t\t\t\t\t\t\t\t\tLionel is a specialist in oil and gas offshore and onshore. Initially, Lionel began his career as a young graduate engineer in nuclear activity. Over the last 35 years, he has worked in Africa, Middle East, Far East, and USA on major offshore projects.\n\nHis experience has allowed him to develop specific skills managing training and working on complicated structures. In 1995-2017, he was involved in major projects in Angola. Lionel has decided to go back to Senegal in 2017, where he was born and raised, to share his expertise moving himself into CEO position for Oil Senegal Support Services to support the local Oil 'n Gas activities. Following to the Success of O3S, he decided to grow the activities in Cote d'Ivoire with the creation of Oil Cote d'Ivoire Support Services to benefit from the Local content Law and share his knowledge in a country where Pil &amp; Gas production is New.\t\t\t\t\t\t\t\t<\/div>\n\n\t\t\t\t\t\t\t\t\t\t\t\t\t\t\t\t\n\t\t\t\t\t\t\t\t\t\t\t\t\t\t\t<\/div>\n\t\t\t\t\t\t<\/div>\n\t\t\t\t\t<\/div>\n\t\t\t\t<\/div>\n\t\t\t<\/div>\n\t\t\t\t<\/div>\t\t<\/div>\n\t\t\t\t<\/div>\n\t\t\t\t\t<\/div>\n\t\t<\/div>\n\t\t\t\t<div class=\"elementor-column elementor-col-25 elementor-inner-column elementor-element elementor-element-1f52e0a\" data-id=\"1f52e0a\" data-element_type=\"column\">\n\t\t\t<div class=\"elementor-widget-wrap elementor-element-populated\">\n\t\t\t\t\t\t<div class=\"elementor-element elementor-element-85318ae elementor-widget elementor-widget-elementskit-team\" data-id=\"85318ae\" data-element_type=\"widget\" data-widget_type=\"elementskit-team.default\">\n\t\t\t\t<div class=\"elementor-widget-container\">\n\t\t\t<div class=\"ekit-wid-con\">\t\t <div class=\"profile-square-v\"> \t\t\t\t\t\t\n\t\t<div class=\"profile-card elementor-animation- text-center ekit-team-style-centered_style\">\n\t\t\t\t\t\t\t<a aria-label=\"profile\" href=\"javascript:void(0)\" data-mfp-src=\"#ekit_team_modal_85318ae_1697\" class=\"ekit-team-popup\">\n\t\t\t\t\t\t\n\t\t\t\t<div class=\"profile-header ekit-team-img\"  data-toggle=\"modal\" data-target=\"ekit_team_modal_#85318ae_1697\" >\n\t\t\t\t\t<img decoding=\"async\" width=\"408\" height=\"521\" src=\"https:\/\/ociss.ci\/wp-content\/uploads\/2024\/12\/Corporate-PRESENTATION-O3S-OCISS-2024-1.pdf-image-072.jpg\" class=\"attachment-large size-large wp-image-1653\" alt=\"\" srcset=\"https:\/\/ociss.ci\/wp-content\/uploads\/2024\/12\/Corporate-PRESENTATION-O3S-OCISS-2024-1.pdf-image-072.jpg 408w, https:\/\/ociss.ci\/wp-content\/uploads\/2024\/12\/Corporate-PRESENTATION-O3S-OCISS-2024-1.pdf-image-072-235x300.jpg 235w\" sizes=\"(max-width: 408px) 100vw, 408px\" \/>\t\t\t\t<\/div><!-- .profile-header END -->\n\t\t\t\t\t\t\t<\/a>\n\t\t\t\t\t\t\n\n\t\t\t\t<div class=\"profile-body\">\n\t\t\t\t\t\n\t\t\t\t\t<h2 class=\"profile-title\">\n\t\t\t\t\t\t\t\t\t\t\t<a aria-label=\"profile\" href=\"javascript:void(0)\" data-mfp-src=\"#ekit_team_modal_85318ae_1697\" class=\"ekit-team-popup\">\n\t\t\t\t\t\tRacine SY\t\t\t\t\t\t<\/a>\n\t\t\t\t\t\t\t\t\t\t\t<\/h2>\n\t\t\t\t\t<p class=\"profile-designation\">Chief Financial Officer<\/p>\n\t\t\t\t\t\t\t\t\t<\/div><!-- .profile-body END -->\n\n\t\t\t\t\t\t\t\t<\/div>\n\t\t\t\t <\/div> \t\t\t\n\t\t\t\n\t\t\t\t\t<div class=\"zoom-anim-dialog mfp-hide elementskit-team-popup team-popup-id-85318ae\" id=\"ekit_team_modal_85318ae_1697\" tabindex=\"-1\" role=\"dialog\" aria-hidden=\"true\">\n\t\t\t\t<div class=\"modal-dialog modal-dialog-centered\" role=\"document\">\n\t\t\t\t\t<div class=\"modal-content\">\n\t\t\t\t\t\t<button type=\"button\" class=\"ekit-team-modal-close\">\n\t\t\t\t\t\t\t<svg aria-hidden=\"true\" class=\"e-font-icon-svg e-fas-times\" viewbox=\"0 0 352 512\" xmlns=\"http:\/\/www.w3.org\/2000\/svg\"><path d=\"M242.72 256l100.07-100.07c12.28-12.28 12.28-32.19 0-44.48l-22.24-22.24c-12.28-12.28-32.19-12.28-44.48 0L176 189.28 75.93 89.21c-12.28-12.28-32.19-12.28-44.48 0L9.21 111.45c-12.28 12.28-12.28 32.19 0 44.48L109.28 256 9.21 356.07c-12.28 12.28-12.28 32.19 0 44.48l22.24 22.24c12.28 12.28 32.2 12.28 44.48 0L176 322.72l100.07 100.07c12.28 12.28 32.2 12.28 44.48 0l22.24-22.24c12.28-12.28 12.28-32.19 0-44.48L242.72 256z\"><\/path><\/svg>\t\t\t\t\t\t<\/button>\n\n\t\t\t\t\t\t<div class=\"modal-body\">\n\t\t\t\t\t\t\t\t\t\t\t\t\t\t\t<div class=\"ekit-team-modal-img\">\n\t\t\t\t\t\t\t\t\t<img decoding=\"async\" width=\"408\" height=\"521\" src=\"https:\/\/ociss.ci\/wp-content\/uploads\/2024\/12\/Corporate-PRESENTATION-O3S-OCISS-2024-1.pdf-image-072.jpg\" class=\"attachment-large size-large wp-image-1653\" alt=\"\" srcset=\"https:\/\/ociss.ci\/wp-content\/uploads\/2024\/12\/Corporate-PRESENTATION-O3S-OCISS-2024-1.pdf-image-072.jpg 408w, https:\/\/ociss.ci\/wp-content\/uploads\/2024\/12\/Corporate-PRESENTATION-O3S-OCISS-2024-1.pdf-image-072-235x300.jpg 235w\" sizes=\"(max-width: 408px) 100vw, 408px\" \/>\t\t\t\t\t\t\t\t<\/div>\n\t\t\t\t\t\t\t\n\t\t\t\t\t\t\t<div class=\"ekit-team-modal-info has-img\">\n\t\t\t\t\t\t\t\t<h2 class=\"ekit-team-modal-title\">Racine SY<\/h2>\n\t\t\t\t\t\t\t\t<p class=\"ekit-team-modal-position\">Chief Financial Officer<\/p>\n\t\t\t\t\t\t\t\t\n\t\t\t\t\t\t\t\t<div class=\"ekit-team-modal-content\">\n\t\t\t\t\t\t\t\t\tFinancial Professional specialized in financial economics and management, treasury, and business administration. With more than sixteen years of experience in the finance sector, offering extensive expertise with bank inspection, complex audits, portfolio management and financing analysis and coordination in France and United States. Racine is Rigorous and motivated, recognized for his pragmatic approach and adapted to any situation. He is dedicated for the financial development of Oil Cote d'Ivoire Support Services.\n\nRacine Graduated from HEC Montreal and Mcgill University with Master Degree in Financial Economics and Graduate Certificate in Treasury and Finance.\t\t\t\t\t\t\t\t<\/div>\n\n\t\t\t\t\t\t\t\t\t\t\t\t\t\t\t\t\n\t\t\t\t\t\t\t\t\t\t\t\t\t\t\t<\/div>\n\t\t\t\t\t\t<\/div>\n\t\t\t\t\t<\/div>\n\t\t\t\t<\/div>\n\t\t\t<\/div>\n\t\t\t\t<\/div>\t\t<\/div>\n\t\t\t\t<\/div>\n\t\t\t\t\t<\/div>\n\t\t<\/div>\n\t\t\t\t<div class=\"elementor-column elementor-col-25 elementor-inner-column elementor-element elementor-element-f682d67\" data-id=\"f682d67\" data-element_type=\"column\">\n\t\t\t<div class=\"elementor-widget-wrap elementor-element-populated\">\n\t\t\t\t\t\t<div class=\"elementor-element elementor-element-6f3cb04 elementor-widget elementor-widget-elementskit-team\" data-id=\"6f3cb04\" data-element_type=\"widget\" data-widget_type=\"elementskit-team.default\">\n\t\t\t\t<div class=\"elementor-widget-container\">\n\t\t\t<div class=\"ekit-wid-con\">\t\t <div class=\"profile-square-v\"> \t\t\t\t\t\t\n\t\t<div class=\"profile-card elementor-animation- text-center ekit-team-style-centered_style\">\n\t\t\t\t\t\t\t<a aria-label=\"profile\" href=\"javascript:void(0)\" data-mfp-src=\"#ekit_team_modal_6f3cb04_1697\" class=\"ekit-team-popup\">\n\t\t\t\t\t\t\n\t\t\t\t<div class=\"profile-header ekit-team-img\"  data-toggle=\"modal\" data-target=\"ekit_team_modal_#6f3cb04_1697\" >\n\t\t\t\t\t<img decoding=\"async\" width=\"348\" height=\"445\" src=\"https:\/\/ociss.ci\/wp-content\/uploads\/2024\/12\/Corporate-PRESENTATION-O3S-OCISS-2024-1.pdf-image-077.png\" class=\"attachment-large size-large wp-image-1654\" alt=\"\" srcset=\"https:\/\/ociss.ci\/wp-content\/uploads\/2024\/12\/Corporate-PRESENTATION-O3S-OCISS-2024-1.pdf-image-077.png 348w, https:\/\/ociss.ci\/wp-content\/uploads\/2024\/12\/Corporate-PRESENTATION-O3S-OCISS-2024-1.pdf-image-077-235x300.png 235w\" sizes=\"(max-width: 348px) 100vw, 348px\" \/>\t\t\t\t<\/div><!-- .profile-header END -->\n\t\t\t\t\t\t\t<\/a>\n\t\t\t\t\t\t\n\n\t\t\t\t<div class=\"profile-body\">\n\t\t\t\t\t\n\t\t\t\t\t<h2 class=\"profile-title\">\n\t\t\t\t\t\t\t\t\t\t\t<a aria-label=\"profile\" href=\"javascript:void(0)\" data-mfp-src=\"#ekit_team_modal_6f3cb04_1697\" class=\"ekit-team-popup\">\n\t\t\t\t\t\tMoustapha WONE\t\t\t\t\t\t<\/a>\n\t\t\t\t\t\t\t\t\t\t\t<\/h2>\n\t\t\t\t\t<p class=\"profile-designation\">New business development<\/p>\n\t\t\t\t\t\t\t\t\t<\/div><!-- .profile-body END -->\n\n\t\t\t\t\t\t\t\t<\/div>\n\t\t\t\t <\/div> \t\t\t\n\t\t\t\n\t\t\t\t\t<div class=\"zoom-anim-dialog mfp-hide elementskit-team-popup team-popup-id-6f3cb04\" id=\"ekit_team_modal_6f3cb04_1697\" tabindex=\"-1\" role=\"dialog\" aria-hidden=\"true\">\n\t\t\t\t<div class=\"modal-dialog modal-dialog-centered\" role=\"document\">\n\t\t\t\t\t<div class=\"modal-content\">\n\t\t\t\t\t\t<button type=\"button\" class=\"ekit-team-modal-close\">\n\t\t\t\t\t\t\t<svg aria-hidden=\"true\" class=\"e-font-icon-svg e-fas-times\" viewbox=\"0 0 352 512\" xmlns=\"http:\/\/www.w3.org\/2000\/svg\"><path d=\"M242.72 256l100.07-100.07c12.28-12.28 12.28-32.19 0-44.48l-22.24-22.24c-12.28-12.28-32.19-12.28-44.48 0L176 189.28 75.93 89.21c-12.28-12.28-32.19-12.28-44.48 0L9.21 111.45c-12.28 12.28-12.28 32.19 0 44.48L109.28 256 9.21 356.07c-12.28 12.28-12.28 32.19 0 44.48l22.24 22.24c12.28 12.28 32.2 12.28 44.48 0L176 322.72l100.07 100.07c12.28 12.28 32.2 12.28 44.48 0l22.24-22.24c12.28-12.28 12.28-32.19 0-44.48L242.72 256z\"><\/path><\/svg>\t\t\t\t\t\t<\/button>\n\n\t\t\t\t\t\t<div class=\"modal-body\">\n\t\t\t\t\t\t\t\t\t\t\t\t\t\t\t<div class=\"ekit-team-modal-img\">\n\t\t\t\t\t\t\t\t\t<img decoding=\"async\" width=\"348\" height=\"445\" src=\"https:\/\/ociss.ci\/wp-content\/uploads\/2024\/12\/Corporate-PRESENTATION-O3S-OCISS-2024-1.pdf-image-077.png\" class=\"attachment-large size-large wp-image-1654\" alt=\"\" srcset=\"https:\/\/ociss.ci\/wp-content\/uploads\/2024\/12\/Corporate-PRESENTATION-O3S-OCISS-2024-1.pdf-image-077.png 348w, https:\/\/ociss.ci\/wp-content\/uploads\/2024\/12\/Corporate-PRESENTATION-O3S-OCISS-2024-1.pdf-image-077-235x300.png 235w\" sizes=\"(max-width: 348px) 100vw, 348px\" \/>\t\t\t\t\t\t\t\t<\/div>\n\t\t\t\t\t\t\t\n\t\t\t\t\t\t\t<div class=\"ekit-team-modal-info has-img\">\n\t\t\t\t\t\t\t\t<h2 class=\"ekit-team-modal-title\">Moustapha WONE<\/h2>\n\t\t\t\t\t\t\t\t<p class=\"ekit-team-modal-position\">New business development<\/p>\n\t\t\t\t\t\t\t\t\n\t\t\t\t\t\t\t\t<div class=\"ekit-team-modal-content\">\n\t\t\t\t\t\t\t\t\tWith his natural ability to evolve in the field, Moustapha launched himself into entrepreneurship at a very young age. He has evolved in many fields such as trade, industrial works and later security and services that led him to his first steps in the Oil &amp; Gas sector.\n\nAfter more than 30 years of a brilliant entrepreneurial career in West Africa and thanks to a network of faithful relations in the working world, he was naturally solicited for his qualities of global strategy consultant for local and foreign companies in the West African Oil and Gas industry. Moustapha's sound knowledge about the local West African strategies makes him the perfect person to promote Oil Cote d'Ivoire Support Service's values and missions to the local and international stakeholders within the Oil 'n Gas sector.\t\t\t\t\t\t\t\t<\/div>\n\n\t\t\t\t\t\t\t\t\t\t\t\t\t\t\t\t\n\t\t\t\t\t\t\t\t\t\t\t\t\t\t\t<\/div>\n\t\t\t\t\t\t<\/div>\n\t\t\t\t\t<\/div>\n\t\t\t\t<\/div>\n\t\t\t<\/div>\n\t\t\t\t<\/div>\t\t<\/div>\n\t\t\t\t<\/div>\n\t\t\t\t\t<\/div>\n\t\t<\/div>\n\t\t\t\t<div class=\"elementor-column elementor-col-25 elementor-inner-column elementor-element elementor-element-5d7bb38\" data-id=\"5d7bb38\" data-element_type=\"column\">\n\t\t\t<div class=\"elementor-widget-wrap elementor-element-populated\">\n\t\t\t\t\t\t<div class=\"elementor-element elementor-element-18a4f05 elementor-widget elementor-widget-elementskit-team\" data-id=\"18a4f05\" data-element_type=\"widget\" data-widget_type=\"elementskit-team.default\">\n\t\t\t\t<div class=\"elementor-widget-container\">\n\t\t\t<div class=\"ekit-wid-con\">\t\t <div class=\"profile-square-v\"> \t\t\t\t\t\t\n\t\t<div class=\"profile-card elementor-animation- text-center ekit-team-style-centered_style\">\n\t\t\t\t\t\t\t<a aria-label=\"profile\" href=\"javascript:void(0)\" data-mfp-src=\"#ekit_team_modal_18a4f05_1697\" class=\"ekit-team-popup\">\n\t\t\t\t\t\t\n\t\t\t\t<div class=\"profile-header ekit-team-img\"  data-toggle=\"modal\" data-target=\"ekit_team_modal_#18a4f05_1697\" >\n\t\t\t\t\t<img loading=\"lazy\" decoding=\"async\" width=\"640\" height=\"819\" src=\"https:\/\/ociss.ci\/wp-content\/uploads\/2024\/12\/Corporate-PRESENTATION-O3S-OCISS-2024-1.pdf-image-082.png\" class=\"attachment-large size-large wp-image-1655\" alt=\"\" srcset=\"https:\/\/ociss.ci\/wp-content\/uploads\/2024\/12\/Corporate-PRESENTATION-O3S-OCISS-2024-1.pdf-image-082.png 769w, https:\/\/ociss.ci\/wp-content\/uploads\/2024\/12\/Corporate-PRESENTATION-O3S-OCISS-2024-1.pdf-image-082-234x300.png 234w, https:\/\/ociss.ci\/wp-content\/uploads\/2024\/12\/Corporate-PRESENTATION-O3S-OCISS-2024-1.pdf-image-082-600x768.png 600w\" sizes=\"(max-width: 640px) 100vw, 640px\" \/>\t\t\t\t<\/div><!-- .profile-header END -->\n\t\t\t\t\t\t\t<\/a>\n\t\t\t\t\t\t\n\n\t\t\t\t<div class=\"profile-body\">\n\t\t\t\t\t\n\t\t\t\t\t<h2 class=\"profile-title\">\n\t\t\t\t\t\t\t\t\t\t\t<a aria-label=\"profile\" href=\"javascript:void(0)\" data-mfp-src=\"#ekit_team_modal_18a4f05_1697\" class=\"ekit-team-popup\">\n\t\t\t\t\t\tPieter PITOUT\t\t\t\t\t\t<\/a>\n\t\t\t\t\t\t\t\t\t\t\t<\/h2>\n\t\t\t\t\t<p class=\"profile-designation\">Operations Manager<\/p>\n\t\t\t\t\t\t\t\t\t<\/div><!-- .profile-body END -->\n\n\t\t\t\t\t\t\t\t<\/div>\n\t\t\t\t <\/div> \t\t\t\n\t\t\t\n\t\t\t\t\t<div class=\"zoom-anim-dialog mfp-hide elementskit-team-popup team-popup-id-18a4f05\" id=\"ekit_team_modal_18a4f05_1697\" tabindex=\"-1\" role=\"dialog\" aria-hidden=\"true\">\n\t\t\t\t<div class=\"modal-dialog modal-dialog-centered\" role=\"document\">\n\t\t\t\t\t<div class=\"modal-content\">\n\t\t\t\t\t\t<button type=\"button\" class=\"ekit-team-modal-close\">\n\t\t\t\t\t\t\t<svg aria-hidden=\"true\" class=\"e-font-icon-svg e-fas-times\" viewbox=\"0 0 352 512\" xmlns=\"http:\/\/www.w3.org\/2000\/svg\"><path d=\"M242.72 256l100.07-100.07c12.28-12.28 12.28-32.19 0-44.48l-22.24-22.24c-12.28-12.28-32.19-12.28-44.48 0L176 189.28 75.93 89.21c-12.28-12.28-32.19-12.28-44.48 0L9.21 111.45c-12.28 12.28-12.28 32.19 0 44.48L109.28 256 9.21 356.07c-12.28 12.28-12.28 32.19 0 44.48l22.24 22.24c12.28 12.28 32.2 12.28 44.48 0L176 322.72l100.07 100.07c12.28 12.28 32.2 12.28 44.48 0l22.24-22.24c12.28-12.28 12.28-32.19 0-44.48L242.72 256z\"><\/path><\/svg>\t\t\t\t\t\t<\/button>\n\n\t\t\t\t\t\t<div class=\"modal-body\">\n\t\t\t\t\t\t\t\t\t\t\t\t\t\t\t<div class=\"ekit-team-modal-img\">\n\t\t\t\t\t\t\t\t\t<img loading=\"lazy\" decoding=\"async\" width=\"640\" height=\"819\" src=\"https:\/\/ociss.ci\/wp-content\/uploads\/2024\/12\/Corporate-PRESENTATION-O3S-OCISS-2024-1.pdf-image-082.png\" class=\"attachment-large size-large wp-image-1655\" alt=\"\" srcset=\"https:\/\/ociss.ci\/wp-content\/uploads\/2024\/12\/Corporate-PRESENTATION-O3S-OCISS-2024-1.pdf-image-082.png 769w, https:\/\/ociss.ci\/wp-content\/uploads\/2024\/12\/Corporate-PRESENTATION-O3S-OCISS-2024-1.pdf-image-082-234x300.png 234w, https:\/\/ociss.ci\/wp-content\/uploads\/2024\/12\/Corporate-PRESENTATION-O3S-OCISS-2024-1.pdf-image-082-600x768.png 600w\" sizes=\"(max-width: 640px) 100vw, 640px\" \/>\t\t\t\t\t\t\t\t<\/div>\n\t\t\t\t\t\t\t\n\t\t\t\t\t\t\t<div class=\"ekit-team-modal-info has-img\">\n\t\t\t\t\t\t\t\t<h2 class=\"ekit-team-modal-title\">Pieter PITOUT<\/h2>\n\t\t\t\t\t\t\t\t<p class=\"ekit-team-modal-position\">Operations Manager<\/p>\n\t\t\t\t\t\t\t\t\n\t\t\t\t\t\t\t\t<div class=\"ekit-team-modal-content\">\n\t\t\t\t\t\t\t\t\tPieter is a highly experienced hands-on professional in the arena of Engineering in private sector and Operation Management in Oil n Gas sector, with over 16 years of technical expertise, moving into more senior managerial roles for 7 years. Working in areas including Manufacturing, Fabrication, Offshore Works, Water Treatment &amp; Desalination and Fuel \/ Energy Systems, he is a broadly knowledgeable, multi-skilled management role-player.\n\nPieter employs sound team leadership and strategic operational planning &amp; control proficiencies, to best manage day-to-day company productivity. Pieter spent 5 years in Ghana helping to establish the oil 'n gas activities for Takoradi Port, as well as promoting the local content and structure, and through this mindset joined Oil Cote d'Ivoire Support Services to dedicate his knowledge towards the success of our company.\t\t\t\t\t\t\t\t<\/div>\n\n\t\t\t\t\t\t\t\t\t\t\t\t\t\t\t\t\n\t\t\t\t\t\t\t\t\t\t\t\t\t\t\t<\/div>\n\t\t\t\t\t\t<\/div>\n\t\t\t\t\t<\/div>\n\t\t\t\t<\/div>\n\t\t\t<\/div>\n\t\t\t\t<\/div>\t\t<\/div>\n\t\t\t\t<\/div>\n\t\t\t\t\t<\/div>\n\t\t<\/div>\n\t\t\t\t\t<\/div>\n\t\t<\/section>\n\t\t\t\t\t<\/div>\n\t\t<\/div>\n\t\t\t\t\t<\/div>\n\t\t<\/section>\n\t\t\t\t<\/div>","protected":false},"excerpt":{"rendered":"<p>Notre team Accueil Notre team Lionel CREN Directeur g\u00e9n\u00e9ral Lionel CREN Directeur g\u00e9n\u00e9ral Lionel est un sp\u00e9cialiste du p\u00e9trole et du gaz offshore et onshore. Lionel a commenc\u00e9 sa carri\u00e8re en tant que jeune ing\u00e9nieur dipl\u00f4m\u00e9 dans l&rsquo;activit\u00e9 nucl\u00e9aire. Au cours des 35 derni\u00e8res ann\u00e9es, il a exerc\u00e9 en Afrique, au Moyen-Orient, en Extr\u00eame-Orient et [&hellip;]<\/p>","protected":false},"author":1,"featured_media":0,"parent":0,"menu_order":0,"comment_status":"closed","ping_status":"closed","template":"elementor_header_footer","meta":{"_monsterinsights_skip_tracking":false,"_monsterinsights_sitenote_active":false,"_monsterinsights_sitenote_note":"","_monsterinsights_sitenote_category":0,"footnotes":""},"class_list":["post-1697","page","type-page","status-publish","hentry"],"aioseo_notices":[],"_links":{"self":[{"href":"https:\/\/ociss.ci\/en\/wp-json\/wp\/v2\/pages\/1697"}],"collection":[{"href":"https:\/\/ociss.ci\/en\/wp-json\/wp\/v2\/pages"}],"about":[{"href":"https:\/\/ociss.ci\/en\/wp-json\/wp\/v2\/types\/page"}],"author":[{"embeddable":true,"href":"https:\/\/ociss.ci\/en\/wp-json\/wp\/v2\/users\/1"}],"replies":[{"embeddable":true,"href":"https:\/\/ociss.ci\/en\/wp-json\/wp\/v2\/comments?post=1697"}],"version-history":[{"count":61,"href":"https:\/\/ociss.ci\/en\/wp-json\/wp\/v2\/pages\/1697\/revisions"}],"predecessor-version":[{"id":1973,"href":"https:\/\/ociss.ci\/en\/wp-json\/wp\/v2\/pages\/1697\/revisions\/1973"}],"wp:attachment":[{"href":"https:\/\/ociss.ci\/en\/wp-json\/wp\/v2\/media?parent=1697"}],"curies":[{"name":"wp","href":"https:\/\/api.w.org\/{rel}","templated":true}]}}